{"id":58,"date":"2020-06-19T08:42:30","date_gmt":"2020-06-19T07:42:30","guid":{"rendered":"http:\/\/salesianum.hu\/?page_id=58"},"modified":"2020-08-09T08:53:49","modified_gmt":"2020-08-09T07:53:49","slug":"kezdolap","status":"publish","type":"page","link":"http:\/\/salesianum.hu\/?page_id=58","title":{"rendered":"Megk\u00f6zel\u00edthet\u0151s\u00e9g"},"content":{"rendered":"\n<p><\/p>\n\n\n\n<div style=\"padding-left:8%;padding-right:8%;padding-bottom:2%;padding-top:20%\" class=\"wp-block-atomic-blocks-ab-container is-style-angled-underlay ab-block-container alignfull\"><div class=\"ab-container-inside\"><div class=\"ab-container-content\" style=\"max-width:1200px\">\n<div class=\"wp-block-atomic-blocks-ab-columns ab-layout-columns-2 ab-2-col-wideright\"><div class=\"ab-layout-column-wrap ab-block-layout-column-gap-2 ab-is-responsive-column\">\n<div class=\"wp-block-atomic-blocks-ab-column ab-block-layout-column\"><div class=\"ab-block-layout-column-inner\">\n<figure class=\"wp-block-image size-large\"><img loading=\"lazy\" decoding=\"async\" width=\"554\" height=\"299\" src=\"http:\/\/salesianum.hu\/wp-content\/uploads\/2020\/07\/bkk.png\" alt=\"\" class=\"wp-image-106\" srcset=\"http:\/\/salesianum.hu\/wp-content\/uploads\/2020\/07\/bkk.png 554w, http:\/\/salesianum.hu\/wp-content\/uploads\/2020\/07\/bkk-300x162.png 300w\" sizes=\"auto, (max-width: 554px) 100vw, 554px\" \/><\/figure>\n\n\n\n<p><\/p>\n<\/div><\/div>\n\n\n\n<div class=\"wp-block-atomic-blocks-ab-column ab-block-layout-column ab-is-vertically-aligned-center\"><div class=\"ab-block-layout-column-inner\">\n<p style=\"color:#4c0d5e\" class=\"has-text-color is-style-capital-text\"><strong>Ha t\u00f6megk\u00f6zleked\u00e9ssel \u00e9rkezel, akkor az al\u00e1bbi villamosokat haszn\u00e1lhatod. A Szent Margit k\u00f3rh\u00e1z meg\u00e1ll\u00f3n\u00e1l kell lesz\u00e1llni.<\/strong><\/p>\n<\/div><\/div>\n<\/div><\/div>\n\n\n\n<p class=\"has-text-align-left\"><\/p>\n\n\n\n<div class=\"wp-block-atomic-blocks-ab-columns ab-layout-columns-3 ab-3-col-equal\"><div class=\"ab-layout-column-wrap ab-block-layout-column-gap-2 ab-is-responsive-column\">\n<div class=\"wp-block-atomic-blocks-ab-column ab-block-layout-column\"><div class=\"ab-block-layout-column-inner\">\n<figure class=\"wp-block-image size-large\"><img loading=\"lazy\" decoding=\"async\" width=\"717\" height=\"409\" src=\"http:\/\/salesianum.hu\/wp-content\/uploads\/2020\/07\/17.png\" alt=\"\" class=\"wp-image-101\" srcset=\"http:\/\/salesianum.hu\/wp-content\/uploads\/2020\/07\/17.png 717w, http:\/\/salesianum.hu\/wp-content\/uploads\/2020\/07\/17-300x171.png 300w\" sizes=\"auto, (max-width: 717px) 100vw, 717px\" \/><\/figure>\n<\/div><\/div>\n\n\n\n<div class=\"wp-block-atomic-blocks-ab-column ab-block-layout-column\"><div class=\"ab-block-layout-column-inner\">\n<figure class=\"wp-block-image size-large\"><img loading=\"lazy\" decoding=\"async\" width=\"719\" height=\"409\" src=\"http:\/\/salesianum.hu\/wp-content\/uploads\/2020\/07\/19.png\" alt=\"\" class=\"wp-image-102\" srcset=\"http:\/\/salesianum.hu\/wp-content\/uploads\/2020\/07\/19.png 719w, http:\/\/salesianum.hu\/wp-content\/uploads\/2020\/07\/19-300x171.png 300w\" sizes=\"auto, (max-width: 719px) 100vw, 719px\" \/><\/figure>\n<\/div><\/div>\n\n\n\n<div class=\"wp-block-atomic-blocks-ab-column ab-block-layout-column\"><div class=\"ab-block-layout-column-inner\">\n<figure class=\"wp-block-image size-large\"><img loading=\"lazy\" decoding=\"async\" width=\"719\" height=\"409\" src=\"http:\/\/salesianum.hu\/wp-content\/uploads\/2020\/07\/41.png\" alt=\"\" class=\"wp-image-103\" srcset=\"http:\/\/salesianum.hu\/wp-content\/uploads\/2020\/07\/41.png 719w, http:\/\/salesianum.hu\/wp-content\/uploads\/2020\/07\/41-300x171.png 300w\" sizes=\"auto, (max-width: 719px) 100vw, 719px\" \/><\/figure>\n<\/div><\/div>\n<\/div><\/div>\n\n\n\n<hr class=\"wp-block-separator\"\/>\n\n\n\n<div class=\"wp-block-atomic-blocks-ab-columns ab-layout-columns-2 ab-2-col-wideright\"><div class=\"ab-layout-column-wrap ab-block-layout-column-gap-2 ab-is-responsive-column\">\n<div class=\"wp-block-atomic-blocks-ab-column ab-block-layout-column\"><div class=\"ab-block-layout-column-inner\">\n<figure class=\"wp-block-image size-large\"><img loading=\"lazy\" decoding=\"async\" width=\"640\" height=\"640\" src=\"http:\/\/salesianum.hu\/wp-content\/uploads\/2020\/07\/auto-1459346_640.png\" alt=\"\" class=\"wp-image-110\" srcset=\"http:\/\/salesianum.hu\/wp-content\/uploads\/2020\/07\/auto-1459346_640.png 640w, http:\/\/salesianum.hu\/wp-content\/uploads\/2020\/07\/auto-1459346_640-300x300.png 300w, http:\/\/salesianum.hu\/wp-content\/uploads\/2020\/07\/auto-1459346_640-150x150.png 150w, http:\/\/salesianum.hu\/wp-content\/uploads\/2020\/07\/auto-1459346_640-600x600.png 600w\" sizes=\"auto, (max-width: 640px) 100vw, 640px\" \/><\/figure>\n<\/div><\/div>\n\n\n\n<div class=\"wp-block-atomic-blocks-ab-column ab-block-layout-column ab-is-vertically-aligned-center\"><div class=\"ab-block-layout-column-inner\">\n<p style=\"color:#697300\" class=\"has-text-color is-style-capital-text\"><strong>Ha aut\u00f3val \u00e9rkezel, akkor l\u00e1sd a t\u00e9rk\u00e9pet, vagy \u00edrd be a GPS-be:<\/strong><\/p>\n\n\n\n<p style=\"color:#697300\" class=\"has-text-color is-style-capital-text\"><strong>Salesianum Koll\u00e9gium<\/strong><\/p>\n\n\n\n<p style=\"color:#697300\" class=\"has-text-color\">1032 Budapest, B\u00e9csi \u00fat 173.<\/p>\n<\/div><\/div>\n<\/div><\/div>\n<\/div><\/div><\/div>\n\n\n\n<iframe loading=\"lazy\" src=\"https:\/\/www.google.com\/maps\/embed?pb=!1m18!1m12!1m3!1d2693.483311532481!2d19.02960941562817!3d47.538921479180196!2m3!1f0!2f0!3f0!3m2!1i1024!2i768!4f13.1!3m3!1m2!1s0x4741d9436e3dcd0b%3A0x8ae56abc6be6e464!2sSalesianum%20Koll%C3%A9gium!5e0!3m2!1shu!2shu!4v1594557081522!5m2!1shu!2shu\" width=\"800\" height=\"450\" frameborder=\"0\" style=\"border:0;\" allowfullscreen=\"\" aria-hidden=\"false\" tabindex=\"0\"><\/iframe>\n\n\n\n<p><\/p>\n","protected":false},"excerpt":{"rendered":"","protected":false},"author":1,"featured_media":162,"parent":0,"menu_order":0,"comment_status":"closed","ping_status":"closed","template":"","meta":{"_genesis_hide_title":false,"_genesis_hide_breadcrumbs":false,"_genesis_hide_singular_image":false,"_genesis_hide_footer_widgets":false,"_genesis_custom_body_class":"","_genesis_custom_post_class":"","_genesis_layout":"","footnotes":""},"class_list":{"0":"post-58","1":"page","2":"type-page","3":"status-publish","4":"has-post-thumbnail","6":"entry"},"featured_image_src":"http:\/\/salesianum.hu\/wp-content\/uploads\/2020\/08\/koli-1-600x400.jpg","featured_image_src_square":"http:\/\/salesianum.hu\/wp-content\/uploads\/2020\/08\/koli-1-600x600.jpg","_links":{"self":[{"href":"http:\/\/salesianum.hu\/index.php?rest_route=\/wp\/v2\/pages\/58","targetHints":{"allow":["GET"]}}],"collection":[{"href":"http:\/\/salesianum.hu\/index.php?rest_route=\/wp\/v2\/pages"}],"about":[{"href":"http:\/\/salesianum.hu\/index.php?rest_route=\/wp\/v2\/types\/page"}],"author":[{"embeddable":true,"href":"http:\/\/salesianum.hu\/index.php?rest_route=\/wp\/v2\/users\/1"}],"replies":[{"embeddable":true,"href":"http:\/\/salesianum.hu\/index.php?rest_route=%2Fwp%2Fv2%2Fcomments&post=58"}],"version-history":[{"count":16,"href":"http:\/\/salesianum.hu\/index.php?rest_route=\/wp\/v2\/pages\/58\/revisions"}],"predecessor-version":[{"id":131,"href":"http:\/\/salesianum.hu\/index.php?rest_route=\/wp\/v2\/pages\/58\/revisions\/131"}],"wp:featuredmedia":[{"embeddable":true,"href":"http:\/\/salesianum.hu\/index.php?rest_route=\/wp\/v2\/media\/162"}],"wp:attachment":[{"href":"http:\/\/salesianum.hu\/index.php?rest_route=%2Fwp%2Fv2%2Fmedia&parent=58"}],"curies":[{"name":"wp","href":"https:\/\/api.w.org\/{rel}","templated":true}]}}