{"id":143,"date":"2020-08-05T07:35:21","date_gmt":"2020-08-05T06:35:21","guid":{"rendered":"http:\/\/salesianum.hu\/?page_id=143"},"modified":"2023-06-07T22:33:16","modified_gmt":"2023-06-07T21:33:16","slug":"elerhetoseg-2","status":"publish","type":"page","link":"https:\/\/salesianum.hu\/?page_id=143","title":{"rendered":"El\u00e9rhet\u0151s\u00e9g"},"content":{"rendered":"\n<div class=\"wp-block-columns is-layout-flex wp-container-core-columns-is-layout-9d6595d7 wp-block-columns-is-layout-flex\">\n<div class=\"wp-block-column is-layout-flow wp-block-column-is-layout-flow\" style=\"flex-basis:100%\">\n<div style=\"background-color:#f2f2f2;color:#32373c\" class=\"wp-block-atomic-blocks-ab-profile-box square ab-font-size-18 ab-block-profile ab-profile-columns\"><div class=\"ab-profile-column ab-profile-content-wrap\"><h2 class=\"ab-profile-name\" style=\"color:#32373c\">Inform\u00e1ci\u00f3k:<\/h2><p class=\"ab-profile-title\" style=\"color:#32373c\">Az al\u00e1bbi e-mail c\u00edmeken v\u00e1rjuk felmer\u00fcl\u0151 k\u00e9rd\u00e9seidet:<\/p><div class=\"ab-profile-text\"><p><a rel=\"noreferrer noopener\" href=\"mailto:salesianum@szaleziak.hu\" target=\"_blank\">salesianum@szaleziak.hu<\/a><\/p><p><a rel=\"noreferrer noopener\" href=\"mailto:salesianum@szaleziak.hu\" target=\"_blank\">kt.salesianum@gmail.com<\/a><\/p><p><\/p><\/div><ul class=\"ab-social-links\"><\/ul><\/div><\/div>\n<\/div>\n<\/div>\n\n\n\n<div style=\"background-color:#f2f2f2;color:#32373c\" class=\"wp-block-atomic-blocks-ab-profile-box square ab-has-avatar ab-font-size-18 ab-block-profile ab-profile-columns\"><div class=\"ab-profile-column ab-profile-avatar-wrap\"><div class=\"ab-profile-image-wrap\"><figure class=\"ab-profile-image-square\"><img loading=\"lazy\" decoding=\"async\" width=\"1235\" height=\"1163\" class=\"ab-profile-avatar wp-image-289\" src=\"http:\/\/salesianum.hu\/wp-content\/uploads\/2022\/02\/Koblencz-A2..jpg\" alt=\"\" srcset=\"https:\/\/salesianum.hu\/wp-content\/uploads\/2022\/02\/Koblencz-A2..jpg 1235w, https:\/\/salesianum.hu\/wp-content\/uploads\/2022\/02\/Koblencz-A2.-300x283.jpg 300w, https:\/\/salesianum.hu\/wp-content\/uploads\/2022\/02\/Koblencz-A2.-1024x964.jpg 1024w, https:\/\/salesianum.hu\/wp-content\/uploads\/2022\/02\/Koblencz-A2.-768x723.jpg 768w\" sizes=\"auto, (max-width: 1235px) 100vw, 1235px\" \/><\/figure><\/div><\/div><div class=\"ab-profile-column ab-profile-content-wrap\"><h2 class=\"ab-profile-name\" style=\"color:#32373c\">Koblencz Attila<\/h2><p class=\"ab-profile-title\" style=\"color:#32373c\">koll\u00e9giumvezet\u0151<\/p><div class=\"ab-profile-text\"><p><a href=\"mailto:koblenczattila@gmail.com\">koblenczattila@gmail.com<\/a>\u00a0<\/p><p>+36 20 958 6731<\/p><\/div><ul class=\"ab-social-links\"><\/ul><\/div><\/div>\n\n\n\n<p><\/p>\n","protected":false},"excerpt":{"rendered":"","protected":false},"author":1,"featured_media":147,"parent":0,"menu_order":0,"comment_status":"closed","ping_status":"closed","template":"","meta":{"_genesis_hide_title":false,"_genesis_hide_breadcrumbs":false,"_genesis_hide_singular_image":false,"_genesis_hide_footer_widgets":false,"_genesis_custom_body_class":"","_genesis_custom_post_class":"","_genesis_layout":"","footnotes":""},"class_list":{"0":"post-143","1":"page","2":"type-page","3":"status-publish","4":"has-post-thumbnail","6":"entry"},"featured_image_src":"https:\/\/salesianum.hu\/wp-content\/uploads\/2020\/08\/138741001-600x400.jpg","featured_image_src_square":"https:\/\/salesianum.hu\/wp-content\/uploads\/2020\/08\/138741001-600x600.jpg","_links":{"self":[{"href":"https:\/\/salesianum.hu\/index.php?rest_route=\/wp\/v2\/pages\/143","targetHints":{"allow":["GET"]}}],"collection":[{"href":"https:\/\/salesianum.hu\/index.php?rest_route=\/wp\/v2\/pages"}],"about":[{"href":"https:\/\/salesianum.hu\/index.php?rest_route=\/wp\/v2\/types\/page"}],"author":[{"embeddable":true,"href":"https:\/\/salesianum.hu\/index.php?rest_route=\/wp\/v2\/users\/1"}],"replies":[{"embeddable":true,"href":"https:\/\/salesianum.hu\/index.php?rest_route=%2Fwp%2Fv2%2Fcomments&post=143"}],"version-history":[{"count":11,"href":"https:\/\/salesianum.hu\/index.php?rest_route=\/wp\/v2\/pages\/143\/revisions"}],"predecessor-version":[{"id":370,"href":"https:\/\/salesianum.hu\/index.php?rest_route=\/wp\/v2\/pages\/143\/revisions\/370"}],"wp:featuredmedia":[{"embeddable":true,"href":"https:\/\/salesianum.hu\/index.php?rest_route=\/wp\/v2\/media\/147"}],"wp:attachment":[{"href":"https:\/\/salesianum.hu\/index.php?rest_route=%2Fwp%2Fv2%2Fmedia&parent=143"}],"curies":[{"name":"wp","href":"https:\/\/api.w.org\/{rel}","templated":true}]}}