{"id":44,"date":"2020-06-19T08:18:11","date_gmt":"2020-06-19T07:18:11","guid":{"rendered":"http:\/\/salesianum.hu\/?page_id=44"},"modified":"2026-02-04T15:51:27","modified_gmt":"2026-02-04T14:51:27","slug":"felvetelizoknek","status":"publish","type":"page","link":"https:\/\/salesianum.hu\/?page_id=44","title":{"rendered":"Felv\u00e9teliz\u0151knek"},"content":{"rendered":"\n<p class=\"has-drop-cap has-theme-primary-color has-text-color has-larger-font-size\">A 2026\/27 \u0151szi f\u00e9l\u00e9vre sz\u00f3l\u00f3 jelentkez\u00e9s plak\u00e1tja:<\/p>\n\n\n\n<p class=\"has-larger-font-size\"><\/p>\n\n\n\n<div style=\"color:#ddd\" class=\"wp-block-atomic-blocks-ab-spacer ab-block-spacer ab-divider-solid ab-divider-size-1\"><hr style=\"height:22px\"\/><\/div>\n\n\n\n\n\n<p><strong><br>Kedves Felv\u00e9teliz\u0151!<\/strong><\/p>\n\n\n\n<p>Nagy \u00f6r\u00f6m\u00fcnkre szolg\u00e1l, hogy \u00e9rdekl\u0151dsz koll\u00e9giumunk ir\u00e1nt! Az al\u00e1bbi sorokban szeretn\u00e9nk \u00f6sszeszedni sz\u00e1modra a legfontosabb inform\u00e1ci\u00f3kat a koll\u00e9giumi jelentkez\u00e9ssel kapcsolatban!<\/p>\n\n\n\n<p>Koll\u00e9giumunkba az el\u0151z\u0151 tan\u00e9v v\u00e9g\u00e9n t\u00e1voz\u00f3 koll\u00e9gist\u00e1k sz\u00e1m\u00e1nak megfelel\u0151 jelentkez\u0151t tudunk felvenni.<\/p>\n\n\n\n<p>A koll\u00e9giumba beker\u00fclni&nbsp;egy k\u00e9tfordul\u00f3s felv\u00e9teli rendszeren kereszt\u00fcl&nbsp;tudsz, melynek <strong>els\u0151 fordul\u00f3<\/strong>j\u00e1nak id\u0151szaka: <br><strong>2026. j\u00fanius 1. &#8211; augusztus 1.<\/strong> (23:59)<\/p>\n\n\n\n<p>Az els\u0151 fordul\u00f3 eredm\u00e9nyeir\u0151l augusztus 4-ig kapsz majd visszajelz\u00e9st.<\/p>\n\n\n\n<p>Ezt k\u00f6vet\u0151en a tov\u00e1bbjut\u00f3kat v\u00e1rjuk a felv\u00e9teli m\u00e1sodik fordul\u00f3j\u00e1ra, ami a koll\u00e9giumban tartott szem\u00e9lyes tal\u00e1lkoz\u00e1s keret\u00e9ben zajlik majd. <\/p>\n\n\n\n<p>A <strong>m\u00e1sodik fordul\u00f3<\/strong>s szem\u00e9lyes besz\u00e9lget\u00e9sek id\u0151pontja: <br><strong>2026. augusztus 10. (h\u00e9tf\u0151)<\/strong><\/p>\n\n\n\n<p>A jelentkez\u00e9s folyamat\u00e1nak elind\u00edt\u00e1s\u00e1hoz egy lev\u00e9l \u00edr\u00e1sa sz\u00fcks\u00e9ges a <strong>salesianum@szaleziak.hu<\/strong> email c\u00edmre. A lev\u00e9l t\u00e1rgyak\u00e9nt ez szerepeljen: \u201e<strong>Koll\u00e9giumi jelentkez\u00e9s \u2013 2026<\/strong>\u201d. A jelentkez\u0151 emailedet csak j\u00fanius 1. ut\u00e1n tudjuk fogadni!<\/p>\n\n\n\n<p>A levelet k\u00f6vet\u0151en beker\u00fclsz egy google classroom-ba, ahol k\u00fcl\u00f6nb\u00f6z\u0151 <strong>feladatok<\/strong>at kell teljes\u00edtened.<\/p>\n\n\n\n<p>A koll\u00e9giummal, a felv\u00e9teli elj\u00e1r\u00e1ssal, a felv\u00e9teli id\u0151pontj\u00e1val kapcsolatos k\u00e9rd\u00e9sed vagy k\u00e9r\u00e9sed eset\u00e9n&nbsp;<strong>fordulj hozz\u00e1nk bizalommal!<\/strong><\/p>\n\n\n\n<p>Sikeres felv\u00e9telit k\u00edv\u00e1nunk!<\/p>\n\n\n\n<p><\/p>\n\n\n\n<p class=\"has-drop-cap is-style-default\">.<\/p>\n\n\n\n<div class=\"wp-block-atomic-blocks-ab-container ab-block-container\"><div class=\"ab-container-inside\"><div class=\"ab-container-content\">\n<p class=\"has-drop-cap has-theme-secondary-background-color has-background\">Felv\u00e9teli szempontok:<\/p>\n<\/div><\/div><\/div>\n\n\n\n<div class=\"wp-block-atomic-blocks-ab-container ab-block-container\"><div class=\"ab-container-inside\"><div class=\"ab-container-content\">\n<div class=\"wp-block-atomic-blocks-ab-columns ab-layout-columns-2 ab-2-col-wideright\"><div class=\"ab-layout-column-wrap ab-block-layout-column-gap-2 ab-is-responsive-column\">\n<div class=\"wp-block-atomic-blocks-ab-column ab-block-layout-column\"><div class=\"ab-block-layout-column-inner\">\n<p><\/p>\n<\/div><\/div>\n\n\n\n<div class=\"wp-block-atomic-blocks-ab-column ab-block-layout-column\"><div class=\"ab-block-layout-column-inner\">\n<ul class=\"wp-block-list\">\n<li>kereszt\u00e9ny szellemis\u00e9g;<\/li>\n\n\n\n<li>lelkip\u00e1sztori aj\u00e1nl\u00e1s;<\/li>\n\n\n\n<li>szoci\u00e1lis r\u00e1szorults\u00e1g;<\/li>\n\n\n\n<li>hallgat\u00f3i jogviszony fels\u0151oktat\u00e1si int\u00e9zm\u00e9nnyel;<\/li>\n\n\n\n<li>akt\u00edv koll\u00e9giumi tev\u00e9kenys\u00e9g v\u00e1llal\u00e1sa;<\/li>\n\n\n\n<li>a koll\u00e9giumi programokon val\u00f3 rendszeres r\u00e9szv\u00e9telre;<\/li>\n\n\n\n<li>hosszabb t\u00e1v\u00fa terv a koll\u00e9giumban marad\u00e1sra.<\/li>\n<\/ul>\n\n\n\n<p><\/p>\n<\/div><\/div>\n<\/div><\/div>\n\n\n\n<hr class=\"wp-block-separator has-css-opacity\"\/>\n\n\n\n<p><\/p>\n<\/div><\/div><\/div>\n\n\n\n<div class=\"wp-block-atomic-blocks-ab-columns ab-layout-columns-2 ab-2-col-wideright\"><div class=\"ab-layout-column-wrap ab-block-layout-column-gap-2 ab-is-responsive-column\">\n<div class=\"wp-block-atomic-blocks-ab-column ab-block-layout-column\"><div class=\"ab-block-layout-column-inner\"><\/div><\/div>\n\n\n\n<div class=\"wp-block-atomic-blocks-ab-column ab-block-layout-column\"><div class=\"ab-block-layout-column-inner\">\n<p class=\"has-drop-cap\">A FELV\u00c9TELI ELJ\u00c1R\u00c1SBAN A MINDENKORI KOLL\u00c9GIST\u00c1K K\u00c9PVISEL\u0150INEK NAGYON KOMOLY BELESZ\u00d3L\u00c1SA VAN, HISZEN \u0150K AZOK, AKIK EGY K\u00d6Z\u00d6SS\u00c9GET IGYEKEZNEK ALKOTNI MAJD. A KOLL\u00c9GIUMVEZET\u0150 AZONBAN, A H\u00d6K BELEEGYEZ\u00c9S\u00c9VEL B\u00c1RMELY PONTT\u00d3L M\u00c9LT\u00c1NYOSS\u00c1GB\u00d3L ELTEKINTHET.<\/p>\n<\/div><\/div>\n<\/div><\/div>\n","protected":false},"excerpt":{"rendered":"<p>A 2026\/27 \u0151szi f\u00e9l\u00e9vre sz\u00f3l\u00f3 jelentkez\u00e9s plak\u00e1tja: Kedves Felv\u00e9teliz\u0151! Nagy \u00f6r\u00f6m\u00fcnkre szolg\u00e1l, hogy \u00e9rdekl\u0151dsz koll\u00e9giumunk ir\u00e1nt! Az al\u00e1bbi sorokban szeretn\u00e9nk \u00f6sszeszedni sz\u00e1modra a legfontosabb inform\u00e1ci\u00f3kat a koll\u00e9giumi jelentkez\u00e9ssel kapcsolatban! Koll\u00e9giumunkba az el\u0151z\u0151 tan\u00e9v v\u00e9g\u00e9n t\u00e1voz\u00f3 koll\u00e9gist\u00e1k sz\u00e1m\u00e1nak megfelel\u0151 jelentkez\u0151t tudunk felvenni. A koll\u00e9giumba beker\u00fclni&nbsp;egy k\u00e9tfordul\u00f3s felv\u00e9teli rendszeren kereszt\u00fcl&nbsp;tudsz, melynek els\u0151 fordul\u00f3j\u00e1nak id\u0151szaka: 2026. j\u00fanius 1. [&hellip;]<\/p>\n","protected":false},"author":1,"featured_media":364,"parent":0,"menu_order":0,"comment_status":"closed","ping_status":"closed","template":"","meta":{"_genesis_hide_title":false,"_genesis_hide_breadcrumbs":false,"_genesis_hide_singular_image":false,"_genesis_hide_footer_widgets":false,"_genesis_custom_body_class":"","_genesis_custom_post_class":"","_genesis_layout":"","footnotes":""},"class_list":{"0":"post-44","1":"page","2":"type-page","3":"status-publish","4":"has-post-thumbnail","6":"entry"},"featured_image_src":"https:\/\/salesianum.hu\/wp-content\/uploads\/2023\/06\/DSC3128-scaled-e1686173267198-600x400.jpg","featured_image_src_square":"https:\/\/salesianum.hu\/wp-content\/uploads\/2023\/06\/DSC3128-scaled-e1686173267198-600x600.jpg","_links":{"self":[{"href":"https:\/\/salesianum.hu\/index.php?rest_route=\/wp\/v2\/pages\/44","targetHints":{"allow":["GET"]}}],"collection":[{"href":"https:\/\/salesianum.hu\/index.php?rest_route=\/wp\/v2\/pages"}],"about":[{"href":"https:\/\/salesianum.hu\/index.php?rest_route=\/wp\/v2\/types\/page"}],"author":[{"embeddable":true,"href":"https:\/\/salesianum.hu\/index.php?rest_route=\/wp\/v2\/users\/1"}],"replies":[{"embeddable":true,"href":"https:\/\/salesianum.hu\/index.php?rest_route=%2Fwp%2Fv2%2Fcomments&post=44"}],"version-history":[{"count":75,"href":"https:\/\/salesianum.hu\/index.php?rest_route=\/wp\/v2\/pages\/44\/revisions"}],"predecessor-version":[{"id":413,"href":"https:\/\/salesianum.hu\/index.php?rest_route=\/wp\/v2\/pages\/44\/revisions\/413"}],"wp:featuredmedia":[{"embeddable":true,"href":"https:\/\/salesianum.hu\/index.php?rest_route=\/wp\/v2\/media\/364"}],"wp:attachment":[{"href":"https:\/\/salesianum.hu\/index.php?rest_route=%2Fwp%2Fv2%2Fmedia&parent=44"}],"curies":[{"name":"wp","href":"https:\/\/api.w.org\/{rel}","templated":true}]}}