{"id":50,"date":"2020-06-19T08:19:39","date_gmt":"2020-06-19T07:19:39","guid":{"rendered":"http:\/\/salesianum.hu\/?page_id=50"},"modified":"2026-02-04T15:50:59","modified_gmt":"2026-02-04T14:50:59","slug":"elerhetoseg","status":"publish","type":"page","link":"https:\/\/salesianum.hu\/","title":{"rendered":"\u00dcdv\u00f6zl\u00fcnk!"},"content":{"rendered":"\n<p><\/p>\n\n\n\n<div class=\"wp-block-atomic-blocks-ab-columns ab-layout-columns-1 one-column ab-has-background-dim ab-has-background-dim-90 ab-background-cover ab-background-no-repeat has-theme-primary-background-color ab-columns-center alignfull\" style=\"padding-top:15%;padding-right:8%;padding-bottom:25%;padding-left:8%;background-image:url(http:\/\/salesianum.hu\/wp-content\/uploads\/2023\/06\/csoportkep.jpg);background-position:42% 27%\"><div class=\"ab-layout-column-wrap ab-block-layout-column-gap-0 ab-is-responsive-column\" style=\"max-width:1200px\">\n<div class=\"wp-block-atomic-blocks-ab-column ab-block-layout-column\"><div class=\"ab-block-layout-column-inner\">\n<div style=\"color:#ddd\" class=\"wp-block-atomic-blocks-ab-spacer ab-block-spacer ab-divider-solid ab-divider-size-1\"><hr style=\"height:220px\"\/><\/div>\n\n\n\n<h2 class=\"wp-block-heading has-text-align-left is-style-xl-text has-text-color\" id=\"tartozz-kozenk\" style=\"color:#ffffff\">Tartozz k\u00f6z\u00e9nk!<\/h2>\n<\/div><\/div>\n<\/div><\/div>\n\n\n\n<div class=\"wp-block-atomic-blocks-ab-columns ab-layout-columns-2 ab-2-col-wideleft ab-columns-center alignfull\" style=\"padding-right:4%;padding-left:4%\"><div class=\"ab-layout-column-wrap ab-block-layout-column-gap-1 ab-is-responsive-column\" style=\"max-width:1240px\">\n<div class=\"wp-block-atomic-blocks-ab-column is-style-offset-up ab-block-layout-column\"><div class=\"ab-block-layout-column-inner ab-has-custom-background-color\" style=\"padding:20px;background-color:#faf7f4\">\n<div class=\"wp-block-atomic-blocks-ab-columns ab-layout-columns-1 one-column has-theme-primary-background-color ab-has-custom-text-color ab-columns-center\" style=\"padding-top:4%;padding-right:4%;padding-bottom:4%;padding-left:4%;color:#ffffff\"><div class=\"ab-layout-column-wrap ab-block-layout-column-gap-2 ab-is-responsive-column\" style=\"max-width:863px\">\n<div class=\"wp-block-atomic-blocks-ab-column ab-block-layout-column\"><div class=\"ab-block-layout-column-inner\">\n<h2 class=\"wp-block-heading has-text-align-left small-heading is-style-small-text\" id=\"a-kovetkezo-felveteli-idopont\">A K\u00f6vetkez\u0151 <strong>FELV\u00c9TELI ID\u0150SZAK<\/strong>:<\/h2>\n\n\n\n<p class=\"is-style-default\"><strong>Els\u0151 fordul\u00f3: 2026. j\u00fanius 1. &#8211; augusztus 1.<\/strong><br>(bek\u00fcldend\u0151 el\u0151feladatok)<\/p>\n\n\n\n<p><strong>M\u00e1sodik fordul\u00f3: 2026. augusztus 10.<\/strong><br>(szem\u00e9lyes elbesz\u00e9lget\u00e9s)<\/p>\n\n\n\n<hr class=\"wp-block-separator has-text-color has-css-opacity has-background aligncenter is-style-wide\" style=\"background-color:#ffffff;color:#ffffff\"\/>\n\n\n\n<div class=\"wp-block-buttons is-content-justification-center is-layout-flex wp-container-core-buttons-is-layout-16018d1d wp-block-buttons-is-layout-flex\">\n<div class=\"wp-block-button is-style-outline is-style-outline--1\"><a class=\"wp-block-button__link has-text-color wp-element-button\" href=\"https:\/\/salesianum.hu\/?page_id=44\" style=\"border-radius:17px;color:#ffffff\" rel=\"http:\/\/salesianum.hu\/?page_id=143\"><strong>r\u00e9szletek<\/strong><\/a><\/div>\n<\/div>\n<\/div><\/div>\n<\/div><\/div>\n<\/div><\/div>\n\n\n\n<div class=\"wp-block-atomic-blocks-ab-column ab-block-layout-column\"><div class=\"ab-block-layout-column-inner\" style=\"margin-top:10px;padding-top:5%;padding-left:3%\">\n<p class=\"has-text-align-left is-style-highlight-text\" style=\"font-size:30px\"><em>Dare to live the life you\u2019ve&nbsp;always&nbsp;<\/em><br><em>wanted.<\/em><\/p>\n<\/div><\/div>\n<\/div><\/div>\n\n\n\n<div style=\"height:60px\" aria-hidden=\"true\" class=\"wp-block-spacer\"><\/div>\n\n\n\n<div class=\"wp-block-group\"><div class=\"wp-block-group__inner-container is-layout-flow wp-block-group-is-layout-flow\">\n<div class=\"wp-block-columns is-layout-flex wp-container-core-columns-is-layout-9d6595d7 wp-block-columns-is-layout-flex\">\n<div class=\"wp-block-column is-layout-flow wp-block-column-is-layout-flow\" style=\"flex-basis:10%\">\n<figure class=\"wp-block-image size-thumbnail is-resized\"><a href=\"https:\/\/www.facebook.com\/obudasalesianum\/\" target=\"_blank\" rel=\"noopener\"><img loading=\"lazy\" decoding=\"async\" width=\"150\" height=\"150\" src=\"https:\/\/salesianum.hu\/wp-content\/uploads\/2022\/03\/facesal-1-150x150.png\" alt=\"\" class=\"wp-image-313\" style=\"width:75px;height:75px\" srcset=\"https:\/\/salesianum.hu\/wp-content\/uploads\/2022\/03\/facesal-1-150x150.png 150w, https:\/\/salesianum.hu\/wp-content\/uploads\/2022\/03\/facesal-1-300x300.png 300w, https:\/\/salesianum.hu\/wp-content\/uploads\/2022\/03\/facesal-1-1024x1024.png 1024w, https:\/\/salesianum.hu\/wp-content\/uploads\/2022\/03\/facesal-1-768x767.png 768w, https:\/\/salesianum.hu\/wp-content\/uploads\/2022\/03\/facesal-1-600x600.png 600w, https:\/\/salesianum.hu\/wp-content\/uploads\/2022\/03\/facesal-1.png 1292w\" sizes=\"auto, (max-width: 150px) 100vw, 150px\" \/><\/a><\/figure>\n<\/div>\n\n\n\n<div class=\"wp-block-column is-layout-flow wp-block-column-is-layout-flow\" style=\"flex-basis:94.26%\">\n<p>Facebook-on is megtal\u00e1lsz minket:    <a href=\"https:\/\/www.facebook.com\/obudasalesianum\/\" target=\"_blank\" rel=\"noreferrer noopener\">https:\/\/www.facebook.com\/obudasalesianum\/<\/a><\/p>\n<\/div>\n<\/div>\n<\/div><\/div>\n\n\n\n<div class=\"wp-block-cover alignfull has-parallax\"><div class=\"wp-block-cover__image-background wp-image-3129 has-parallax\" style=\"background-position:50% 50%;background-image:url(http:\/\/salesianum.hu\/wp-content\/themes\/navigation-pro\/config\/import\/images\/travel\/travel-background-2.jpg)\"><\/div><span aria-hidden=\"true\" class=\"wp-block-cover__background has-theme-primary-background-color has-background-dim-80 has-background-dim\"><\/span><div class=\"wp-block-cover__inner-container is-layout-flow wp-block-cover-is-layout-flow\">\n<div class=\"wp-block-atomic-blocks-ab-columns ab-layout-columns-1 one-column ab-columns-center alignfull\" style=\"margin-bottom:15px;padding-right:2%;padding-left:2%\"><div class=\"ab-layout-column-wrap ab-block-layout-column-gap-0 ab-is-responsive-column\" style=\"max-width:1060px\">\n<div class=\"wp-block-atomic-blocks-ab-column ab-block-layout-column\"><div class=\"ab-block-layout-column-inner ab-has-custom-text-color\" style=\"margin-bottom:30px;padding-top:20px;padding-bottom:15px;color:#ffffff\">\n<div class=\"wp-block-group\"><div class=\"wp-block-group__inner-container is-layout-flow wp-block-group-is-layout-flow\"><div class=\"wp-block-image book is-style-book-style\">\n<figure class=\"alignleft size-large is-resized\"><img loading=\"lazy\" decoding=\"async\" width=\"615\" height=\"893\" src=\"http:\/\/salesianum.hu\/wp-content\/uploads\/2020\/08\/don-bosco-\u00faj-\u00e9letrajza1.jpg\" alt=\"\" class=\"wp-image-208\" style=\"width:202px;height:292px\" srcset=\"https:\/\/salesianum.hu\/wp-content\/uploads\/2020\/08\/don-bosco-\u00faj-\u00e9letrajza1.jpg 615w, https:\/\/salesianum.hu\/wp-content\/uploads\/2020\/08\/don-bosco-\u00faj-\u00e9letrajza1-207x300.jpg 207w\" sizes=\"auto, (max-width: 615px) 100vw, 615px\" \/><\/figure>\n<\/div>\n\n\n<h2 class=\"wp-block-heading has-text-align-left has-text-color\" id=\"a-fiukollegiumunk-vedoszentje-don-bosco\" style=\"color:#ffffff\">A fi\u00fakoll\u00e9giumunk v\u00e9d\u0151szentje Don Bosco<\/h2>\n\n\n\n<p class=\"has-text-color\" style=\"color:#ffffff\">Sok tanuls\u00e1gos k\u00f6nyv jelent meg r\u00f3la, illetve lelkis\u00e9g\u00e9r\u0151l \u00e9s pedag\u00f3gi\u00e1j\u00e1r\u00f3l.<\/p>\n\n\n\n<div class=\"wp-block-buttons is-layout-flex wp-block-buttons-is-layout-flex\">\n<div class=\"wp-block-button is-style-button-line\"><a class=\"wp-block-button__link has-text-color wp-element-button\" href=\"http:\/\/donboscokiado.hu\/?s=don+bosco&amp;post_type=product\" style=\"color:#ffffff\" target=\"_blank\" rel=\"noreferrer noopener\"><strong>Ugr\u00e1s a k\u00f6nyvekhez!<\/strong><\/a><\/div>\n<\/div>\n<\/div><\/div>\n\n\n\n<p><\/p>\n<\/div><\/div>\n<\/div><\/div>\n\n\n\n<p><\/p>\n<\/div><\/div>\n\n\n\n<div class=\"wp-block-atomic-blocks-ab-columns ab-layout-columns-1 one-column ab-has-background-dim ab-has-background-dim-10 ab-background-cover ab-background-no-repeat has-theme-secondary-background-color ab-has-custom-text-color ab-columns-center alignfull\" style=\"padding:9%;color:#ffffff;background-image:url(http:\/\/salesianum.hu\/wp-content\/themes\/navigation-pro\/config\/import\/images\/travel\/travel-background-4.jpg)\"><div class=\"ab-layout-column-wrap ab-block-layout-column-gap-2 ab-is-responsive-column\" style=\"max-width:1200px\">\n<div class=\"wp-block-atomic-blocks-ab-column ab-block-layout-column\"><div class=\"ab-block-layout-column-inner ab-has-custom-text-color\" style=\"color:#ffffff\">\n<h2 class=\"wp-block-heading has-text-align-left has-text-color\" id=\"a-szalezi-rendhez-tartozunk\" style=\"color:#ffffff\">A Szal\u00e9zi Rendhez tartozunk<\/h2>\n\n\n\n<div class=\"wp-block-atomic-blocks-ab-container ab-block-container\"><div class=\"ab-container-inside\"><div class=\"ab-container-content\">\n<div class=\"wp-block-atomic-blocks-ab-columns ab-layout-columns-2 ab-2-col-wideright\"><div class=\"ab-layout-column-wrap ab-block-layout-column-gap-2 ab-is-responsive-column\">\n<div class=\"wp-block-atomic-blocks-ab-column ab-block-layout-column\"><div class=\"ab-block-layout-column-inner\"><div class=\"wp-block-image is-style-default\">\n<figure class=\"aligncenter size-large is-resized\"><img loading=\"lazy\" decoding=\"async\" width=\"725\" height=\"725\" src=\"http:\/\/salesianum.hu\/wp-content\/uploads\/2020\/08\/logofeliratos_vectorized.png\" alt=\"\" class=\"wp-image-216\" style=\"width:181px;height:181px\" srcset=\"https:\/\/salesianum.hu\/wp-content\/uploads\/2020\/08\/logofeliratos_vectorized.png 725w, https:\/\/salesianum.hu\/wp-content\/uploads\/2020\/08\/logofeliratos_vectorized-300x300.png 300w, https:\/\/salesianum.hu\/wp-content\/uploads\/2020\/08\/logofeliratos_vectorized-150x150.png 150w, https:\/\/salesianum.hu\/wp-content\/uploads\/2020\/08\/logofeliratos_vectorized-600x600.png 600w\" sizes=\"auto, (max-width: 725px) 100vw, 725px\" \/><\/figure>\n<\/div><\/div><\/div>\n\n\n\n<div class=\"wp-block-atomic-blocks-ab-column ab-block-layout-column\"><div class=\"ab-block-layout-column-inner\">\n<p>A <strong>Szal\u00e9ziak <\/strong>a vil\u00e1g 133 orsz\u00e1g\u00e1ban jelenl\u00e9v\u0151 katolikus szerzetesrend, akiknek hivat\u00e1sa els\u0151sorban a fiatalokhoz sz\u00f3l. Alap\u00edt\u00f3juk Bosco Szent J\u00e1nos, vagy ismertebb nev\u00e9n <strong>Don Bosco<\/strong>. F\u0151 k\u00fcldet\u00e9s\u00fck a nevel\u00e9s-evangeliz\u00e1l\u00e1s, hogy a fiatalokb\u00f3l becs\u00fcletes \u00e1llampolg\u00e1rok \u00e9s j\u00f3 kereszt\u00e9nyek legyenek. Jelmondatuk: &#8222;Lelkeket adj nekem, a t\u00f6bbit vedd el!&#8221; (Latinul: &#8222;<strong>Da mihi animas caetera tolle.<\/strong>&#8222;)<\/p>\n<\/div><\/div>\n<\/div><\/div>\n\n\n\n<p><\/p>\n<\/div><\/div><\/div>\n<\/div><\/div>\n<\/div><\/div>\n\n\n\n<div style=\"padding-left:8%;padding-right:8%;padding-top:10%\" class=\"wp-block-atomic-blocks-ab-container ab-block-container alignfull\"><div class=\"ab-container-inside\"><div class=\"ab-container-content\" style=\"max-width:1200px\">\n<h2 class=\"wp-block-heading has-text-align-left\" id=\"mukodesunket-biztositja-a\">M\u0171k\u00f6d\u00e9s\u00fcnket biztos\u00edtja a<\/h2>\n\n\n\n<hr class=\"wp-block-separator has-css-opacity is-style-wide\"\/>\n\n\n\n<div style=\"color:#ddd\" class=\"wp-block-atomic-blocks-ab-spacer ab-block-spacer ab-divider-solid ab-divider-size-1\"><hr style=\"height:30px\"\/><\/div>\n\n\n<div class=\"wp-block-image\">\n<figure class=\"aligncenter size-large\"><img loading=\"lazy\" decoding=\"async\" width=\"418\" height=\"120\" src=\"http:\/\/salesianum.hu\/wp-content\/uploads\/2020\/08\/download.png\" alt=\"\" class=\"wp-image-234\" srcset=\"https:\/\/salesianum.hu\/wp-content\/uploads\/2020\/08\/download.png 418w, https:\/\/salesianum.hu\/wp-content\/uploads\/2020\/08\/download-300x86.png 300w\" sizes=\"auto, (max-width: 418px) 100vw, 418px\" \/><\/figure>\n<\/div><\/div><\/div><\/div>\n\n\n\n<p><\/p>\n","protected":false},"excerpt":{"rendered":"<p>Facebook-on is megtal\u00e1lsz minket: https:\/\/www.facebook.com\/obudasalesianum\/<\/p>\n","protected":false},"author":1,"featured_media":147,"parent":0,"menu_order":0,"comment_status":"closed","ping_status":"closed","template":"","meta":{"_genesis_hide_title":false,"_genesis_hide_breadcrumbs":false,"_genesis_hide_singular_image":false,"_genesis_hide_footer_widgets":false,"_genesis_custom_body_class":"","_genesis_custom_post_class":"","_genesis_layout":"","footnotes":""},"class_list":{"0":"post-50","1":"page","2":"type-page","3":"status-publish","4":"has-post-thumbnail","6":"entry"},"featured_image_src":"https:\/\/salesianum.hu\/wp-content\/uploads\/2020\/08\/138741001-600x400.jpg","featured_image_src_square":"https:\/\/salesianum.hu\/wp-content\/uploads\/2020\/08\/138741001-600x600.jpg","_links":{"self":[{"href":"https:\/\/salesianum.hu\/index.php?rest_route=\/wp\/v2\/pages\/50","targetHints":{"allow":["GET"]}}],"collection":[{"href":"https:\/\/salesianum.hu\/index.php?rest_route=\/wp\/v2\/pages"}],"about":[{"href":"https:\/\/salesianum.hu\/index.php?rest_route=\/wp\/v2\/types\/page"}],"author":[{"embeddable":true,"href":"https:\/\/salesianum.hu\/index.php?rest_route=\/wp\/v2\/users\/1"}],"replies":[{"embeddable":true,"href":"https:\/\/salesianum.hu\/index.php?rest_route=%2Fwp%2Fv2%2Fcomments&post=50"}],"version-history":[{"count":60,"href":"https:\/\/salesianum.hu\/index.php?rest_route=\/wp\/v2\/pages\/50\/revisions"}],"predecessor-version":[{"id":412,"href":"https:\/\/salesianum.hu\/index.php?rest_route=\/wp\/v2\/pages\/50\/revisions\/412"}],"wp:featuredmedia":[{"embeddable":true,"href":"https:\/\/salesianum.hu\/index.php?rest_route=\/wp\/v2\/media\/147"}],"wp:attachment":[{"href":"https:\/\/salesianum.hu\/index.php?rest_route=%2Fwp%2Fv2%2Fmedia&parent=50"}],"curies":[{"name":"wp","href":"https:\/\/api.w.org\/{rel}","templated":true}]}}