{"id":53,"date":"2020-06-19T08:20:26","date_gmt":"2020-06-19T07:20:26","guid":{"rendered":"http:\/\/salesianum.hu\/?page_id=53"},"modified":"2022-02-28T16:32:20","modified_gmt":"2022-02-28T15:32:20","slug":"a-kollegiumrol","status":"publish","type":"page","link":"https:\/\/salesianum.hu\/?page_id=53","title":{"rendered":"A koll\u00e9giumr\u00f3l"},"content":{"rendered":"\n<p>&#8222;Salesianum&#8221; Don Bosco Kereszt\u00e9ny Pedag\u00f3giai Szakkoll\u00e9gium <\/p>\n\n\n\n<p>A Salesianum Koll\u00e9gium a 2003\/2004-es tan\u00e9vben nyitotta meg kapuit a fi\u00fa egyetemista hallgat\u00f3k el\u0151tt. A tartom\u00e1nyf\u0151n\u00f6ks\u00e9g akkor \u00e9p\u00fclt \u00e9p\u00fclet\u00e9ben, az utcai fronton kapott helyet \u00e9s 36 f\u0151 befogad\u00e1s\u00e1ra volta alkalmas, mely k\u00e9s\u0151bb 38-ra v\u00e1ltozott. <\/p>\n\n\n\n<p>Egyetemi fi\u00fakoll\u00e9giumunk  c\u00e9lja a fiatalok emberi \u00e9s kereszt\u00e9ny dimenzi\u00f3ban val\u00f3 form\u00e1l\u00e1sa \u00e9s n\u00f6veked\u00e9se, valamint az egyetemi tanulm\u00e1nyokban val\u00f3 el\u0151rehalad\u00e1s \u00f6szt\u00f6nz\u00e9se, hogy \u00edgy megfelel\u0151 felk\u00e9sz\u00fclts\u00e9ggel \u00e9s magas szakmai sz\u00ednvonalon k\u00e9pviselhess\u00e9k a kereszt\u00e9ny \u00e9rt\u00e9keket. Ezek elm\u00e9ly\u00edt\u00e9s\u00e9t seg\u00edti a koll\u00e9gium, a hallgat\u00f3k \u00f6ntev\u00e9kenys\u00e9g\u00e9re \u00e9p\u00fcl\u0151 kereszt\u00e9ny k\u00f6z\u00f6ss\u00e9gi \u00e9letforma kialak\u00edt\u00e1s\u00e1val, elm\u00e9leti \u00e9s gyakorlati szakmai programok szervez\u00e9s\u00e9vel, amelyeken a koll\u00e9gist\u00e1k a k\u00f6telez\u0151 tanulm\u00e1nyaik mellett el\u0151ad\u00e1sok form\u00e1j\u00e1ban \u00e9s szoci\u00e1lis tev\u00e9kenys\u00e9ggel vesznek r\u00e9szt.<\/p>\n\n\n\n<p>A koll\u00e9gist\u00e1k k\u00f6z\u00f6tt tal\u00e1lhatunk orvostan-, b\u00f6lcs\u00e9sz-, term\u00e9szettudom\u00e1nyos, tan\u00e1rszakos-, gazdas\u00e1gi-, illetve m\u00e9rn\u00f6khallgat\u00f3kat, de vannak teol\u00f3gusok is. Kereszt\u00e9ny koll\u00e9giumk\u00e9nt fontos megeml\u00edteni, hogy legink\u00e1bb r\u00f3mai, ill. g\u00f6r\u00f6g katolikus koll\u00e9gist\u00e1ink vannak m\u00e9gpedig k\u00fcl\u00f6nb\u00f6z\u0151 lelkis\u00e9gi mozgalmakb\u00f3l. Ennek gazdags\u00e1g\u00e1ra a k\u00f6z\u00f6s im\u00e1ds\u00e1gokban is \u00e9p\u00edt\u00fcnk. A koll\u00e9gium 15 \u00e9ves fenn\u00e1ll\u00e1sa \u00f3ta t\u00f6bb papi, illetve szerzetesi hivat\u00e1s n\u00f6vekedett a koll\u00e9giumban. Ez id\u0151 alatta koll\u00e9giumnak t\u00f6bb mint 200 lak\u00f3ja volt, akik a kezdetekt\u0151l folyamatosan sz\u00e9les\u00edtett\u00e9k a koll\u00e9gium lehet\u0151s\u00e9geit \u00e9s alak\u00edtott\u00e1k a k\u00f6z\u00f6ss\u00e9get.<\/p>\n\n\n\n<figure class=\"wp-block-gallery has-nested-images columns-default is-cropped wp-block-gallery-1 is-layout-flex wp-block-gallery-is-layout-flex\">\n<figure class=\"wp-block-image size-large\"><img loading=\"lazy\" decoding=\"async\" width=\"1024\" height=\"686\" data-id=\"173\" src=\"http:\/\/salesianum.hu\/wp-content\/uploads\/2020\/08\/DSC_0147-1-1024x686.jpg\" alt=\"\" class=\"wp-image-173\" srcset=\"https:\/\/salesianum.hu\/wp-content\/uploads\/2020\/08\/DSC_0147-1-1024x686.jpg 1024w, https:\/\/salesianum.hu\/wp-content\/uploads\/2020\/08\/DSC_0147-1-300x201.jpg 300w, https:\/\/salesianum.hu\/wp-content\/uploads\/2020\/08\/DSC_0147-1-768x514.jpg 768w, https:\/\/salesianum.hu\/wp-content\/uploads\/2020\/08\/DSC_0147-1-1536x1028.jpg 1536w, https:\/\/salesianum.hu\/wp-content\/uploads\/2020\/08\/DSC_0147-1-2048x1371.jpg 2048w\" sizes=\"auto, (max-width: 1024px) 100vw, 1024px\" \/><\/figure>\n\n\n\n<figure class=\"wp-block-image size-large\"><img loading=\"lazy\" decoding=\"async\" width=\"1024\" height=\"714\" data-id=\"172\" src=\"http:\/\/salesianum.hu\/wp-content\/uploads\/2020\/08\/DSC_0146-1024x714.jpg\" alt=\"\" class=\"wp-image-172\" srcset=\"https:\/\/salesianum.hu\/wp-content\/uploads\/2020\/08\/DSC_0146-1024x714.jpg 1024w, https:\/\/salesianum.hu\/wp-content\/uploads\/2020\/08\/DSC_0146-300x209.jpg 300w, https:\/\/salesianum.hu\/wp-content\/uploads\/2020\/08\/DSC_0146-768x535.jpg 768w, https:\/\/salesianum.hu\/wp-content\/uploads\/2020\/08\/DSC_0146-1536x1070.jpg 1536w, https:\/\/salesianum.hu\/wp-content\/uploads\/2020\/08\/DSC_0146-2048x1427.jpg 2048w\" sizes=\"auto, (max-width: 1024px) 100vw, 1024px\" \/><\/figure>\n\n\n\n<figure class=\"wp-block-image size-large\"><img loading=\"lazy\" decoding=\"async\" width=\"1024\" height=\"768\" data-id=\"175\" src=\"http:\/\/salesianum.hu\/wp-content\/uploads\/2020\/08\/DSC01616.jpg\" alt=\"\" class=\"wp-image-175\" srcset=\"https:\/\/salesianum.hu\/wp-content\/uploads\/2020\/08\/DSC01616.jpg 1024w, https:\/\/salesianum.hu\/wp-content\/uploads\/2020\/08\/DSC01616-300x225.jpg 300w, https:\/\/salesianum.hu\/wp-content\/uploads\/2020\/08\/DSC01616-768x576.jpg 768w\" sizes=\"auto, (max-width: 1024px) 100vw, 1024px\" \/><\/figure>\n<\/figure>\n\n\n\n<p>A szal\u00e9ziak m\u00e1r a nyit\u00e1skor t\u00f6rekedtek arra, hogy csal\u00e1dias, vid\u00e1m l\u00e9gk\u00f6r vegye k\u00f6r\u00fcl az itt lak\u00f3 hallgat\u00f3kat, ami\u00e9rt maguk a koll\u00e9gist\u00e1k is sokat tesznek.<\/p>\n\n\n\n<figure class=\"wp-block-gallery has-nested-images columns-default is-cropped wp-block-gallery-2 is-layout-flex wp-block-gallery-is-layout-flex\">\n<figure class=\"wp-block-image size-large\"><img loading=\"lazy\" decoding=\"async\" width=\"1024\" height=\"685\" data-id=\"179\" src=\"http:\/\/salesianum.hu\/wp-content\/uploads\/2020\/08\/DSC_0111-1-1024x685.jpg\" alt=\"\" class=\"wp-image-179\" srcset=\"https:\/\/salesianum.hu\/wp-content\/uploads\/2020\/08\/DSC_0111-1-1024x685.jpg 1024w, https:\/\/salesianum.hu\/wp-content\/uploads\/2020\/08\/DSC_0111-1-300x201.jpg 300w, https:\/\/salesianum.hu\/wp-content\/uploads\/2020\/08\/DSC_0111-1-768x514.jpg 768w, https:\/\/salesianum.hu\/wp-content\/uploads\/2020\/08\/DSC_0111-1-1536x1028.jpg 1536w, https:\/\/salesianum.hu\/wp-content\/uploads\/2020\/08\/DSC_0111-1-2048x1371.jpg 2048w, https:\/\/salesianum.hu\/wp-content\/uploads\/2020\/08\/DSC_0111-1-600x400.jpg 600w\" sizes=\"auto, (max-width: 1024px) 100vw, 1024px\" \/><\/figure>\n\n\n\n<figure class=\"wp-block-image size-large\"><img loading=\"lazy\" decoding=\"async\" width=\"1024\" height=\"686\" data-id=\"180\" src=\"http:\/\/salesianum.hu\/wp-content\/uploads\/2020\/08\/DSC_0145-1-1024x686.jpg\" alt=\"\" class=\"wp-image-180\" srcset=\"https:\/\/salesianum.hu\/wp-content\/uploads\/2020\/08\/DSC_0145-1-1024x686.jpg 1024w, https:\/\/salesianum.hu\/wp-content\/uploads\/2020\/08\/DSC_0145-1-300x201.jpg 300w, https:\/\/salesianum.hu\/wp-content\/uploads\/2020\/08\/DSC_0145-1-768x514.jpg 768w, https:\/\/salesianum.hu\/wp-content\/uploads\/2020\/08\/DSC_0145-1-1536x1028.jpg 1536w, https:\/\/salesianum.hu\/wp-content\/uploads\/2020\/08\/DSC_0145-1-2048x1371.jpg 2048w\" sizes=\"auto, (max-width: 1024px) 100vw, 1024px\" \/><\/figure>\n<\/figure>\n\n\n\n<p>Az egy\u00fctt\u00e9l\u00e9s alapvet\u0151 szab\u00e1lyait a koll\u00e9gium h\u00e1zirendje fekteti le. Ugyanakkor a h\u00e9tk\u00f6znapi \u00e9letet alak\u00edt\u00f3 norm\u00e1k a koll\u00e9giumi k\u00f6zgy\u0171l\u00e9sen is el\u0151ker\u00fclnek. Itt l\u00e9nyeg\u00e9ben \u00f6sszefoglalva \u00e9s kimondva is megismerik ezeket az \u00fajoncok, \u00e1m ugyanitt lehet\u0151s\u00e9g van ezek m\u00f3dos\u00edt\u00e1s\u00e1ra, \u00faj hagyom\u00e1nyok bevezet\u00e9s\u00e9re vagy esetleg r\u00e9gebbiek elt\u00f6rl\u00e9s\u00e9re. A koll\u00e9giumi k\u00f6zgy\u0171l\u00e9sekre, amelyken minden koll\u00e9gista r\u00e9szt vesz minden f\u00e9l\u00e9v elej\u00e9n ker\u00fcl sor. A f\u00e9l\u00e9v sor\u00e1n a koll\u00e9gist\u00e1k \u00e1ltal megv\u00e1lasztott Koll\u00e9giumi Tan\u00e1cs (\u00f6t f\u0151) koordin\u00e1lja az \u00e9let menet\u00e9t, szorosan egy\u00fcttm\u0171k\u00f6dve a koll\u00e9giumvezet\u0151vel \u00e9s a szal\u00e9zi k\u00f6z\u00f6ss\u00e9gel.<\/p>\n\n\n\n<figure class=\"wp-block-gallery has-nested-images columns-default is-cropped wp-block-gallery-3 is-layout-flex wp-block-gallery-is-layout-flex\">\n<figure class=\"wp-block-image size-large\"><img loading=\"lazy\" decoding=\"async\" width=\"1024\" height=\"685\" data-id=\"177\" src=\"http:\/\/salesianum.hu\/wp-content\/uploads\/2020\/08\/DSC_0149-1-1024x685.jpg\" alt=\"\" class=\"wp-image-177\" srcset=\"https:\/\/salesianum.hu\/wp-content\/uploads\/2020\/08\/DSC_0149-1-1024x685.jpg 1024w, https:\/\/salesianum.hu\/wp-content\/uploads\/2020\/08\/DSC_0149-1-300x201.jpg 300w, https:\/\/salesianum.hu\/wp-content\/uploads\/2020\/08\/DSC_0149-1-768x514.jpg 768w, https:\/\/salesianum.hu\/wp-content\/uploads\/2020\/08\/DSC_0149-1-1536x1028.jpg 1536w, https:\/\/salesianum.hu\/wp-content\/uploads\/2020\/08\/DSC_0149-1-2048x1371.jpg 2048w, https:\/\/salesianum.hu\/wp-content\/uploads\/2020\/08\/DSC_0149-1-600x400.jpg 600w\" sizes=\"auto, (max-width: 1024px) 100vw, 1024px\" \/><\/figure>\n\n\n\n<figure class=\"wp-block-image size-large\"><img loading=\"lazy\" decoding=\"async\" width=\"1024\" height=\"689\" data-id=\"178\" src=\"http:\/\/salesianum.hu\/wp-content\/uploads\/2020\/08\/DSC_0150-1-1024x689.jpg\" alt=\"\" class=\"wp-image-178\" srcset=\"https:\/\/salesianum.hu\/wp-content\/uploads\/2020\/08\/DSC_0150-1-1024x689.jpg 1024w, https:\/\/salesianum.hu\/wp-content\/uploads\/2020\/08\/DSC_0150-1-300x202.jpg 300w, https:\/\/salesianum.hu\/wp-content\/uploads\/2020\/08\/DSC_0150-1-768x517.jpg 768w, https:\/\/salesianum.hu\/wp-content\/uploads\/2020\/08\/DSC_0150-1-1536x1033.jpg 1536w, https:\/\/salesianum.hu\/wp-content\/uploads\/2020\/08\/DSC_0150-1-2048x1378.jpg 2048w\" sizes=\"auto, (max-width: 1024px) 100vw, 1024px\" \/><\/figure>\n<\/figure>\n\n\n\n<p>A koll\u00e9gist\u00e1knak vannak k\u00f6telez\u0151 koll\u00e9giumi programjaik szerda est\u00e9nk\u00e9nt, a t\u00f6bbi program mindenki sz\u00e1m\u00e1ra fakultat\u00edv. A k\u00f6telez\u0151 program egy a szal\u00e9zi k\u00f6z\u00f6ss\u00e9ggel k\u00f6z\u00f6s im\u00e1val kezd\u0151dik majd jellemz\u0151en a vacsor\u00e1t k\u00f6vet\u0151en el\u0151ad\u00e1ssal, workshoppal, filmklubbal folytat\u00f3dik.<\/p>\n\n\n\n<figure class=\"wp-block-image size-large\"><img loading=\"lazy\" decoding=\"async\" width=\"1024\" height=\"685\" src=\"http:\/\/salesianum.hu\/wp-content\/uploads\/2020\/08\/DSC_0112-1024x685.jpg\" alt=\"\" class=\"wp-image-176\" srcset=\"https:\/\/salesianum.hu\/wp-content\/uploads\/2020\/08\/DSC_0112-1024x685.jpg 1024w, https:\/\/salesianum.hu\/wp-content\/uploads\/2020\/08\/DSC_0112-300x201.jpg 300w, https:\/\/salesianum.hu\/wp-content\/uploads\/2020\/08\/DSC_0112-768x514.jpg 768w, https:\/\/salesianum.hu\/wp-content\/uploads\/2020\/08\/DSC_0112-1536x1028.jpg 1536w, https:\/\/salesianum.hu\/wp-content\/uploads\/2020\/08\/DSC_0112-2048x1371.jpg 2048w, https:\/\/salesianum.hu\/wp-content\/uploads\/2020\/08\/DSC_0112-600x400.jpg 600w\" sizes=\"auto, (max-width: 1024px) 100vw, 1024px\" \/><\/figure>\n\n\n\n<p>A k\u00f6z\u00f6ss\u00e9g \u00e9p\u00edt\u00e9s\u00e9n\u00e9l nagyon fontos szerepe van a k\u00e9t koll\u00e9giumi h\u00e9tv\u00e9g\u00e9nek, amin a r\u00e9sz\u00e9tel k\u00f6telez\u0151. Csoportdinamika szempontj\u00e1b\u00f3l az egyik legmeghat\u00e1roz\u00f3bb alkalmak, mivel itt a k\u00f6z\u00f6s feladatokon, j\u00e1t\u00e9kokon, kikapcsol\u00f3d\u00e1son \u00e9s im\u00e1kon kereszt\u00fcl m\u00e1s kapcsol\u00f3d\u00e1si pontok is adottak, amik lehet\u0151v\u00e9 teszik, hogy olyanok is bar\u00e1ts\u00e1got ind\u00edtsanak el, akik alig tal\u00e1lkoztak \u00e9v k\u00f6zbeni napin rutin alatt.<\/p>\n\n\n\n<p>6 h\u00e1rom\u00e1gyas, 8 k\u00e9t\u00e1gyas \u00e9s 4 egy\u00e1gyas szob\u00e1val. Mindegyik szoba saj\u00e1t f\u00fcrd\u0151szob\u00e1val \u00e9s internet hozz\u00e1f\u00e9r\u00e9ssel rendelkezik. A koll\u00e9gium egybe\u00e9p\u00fclt az \u00d3budai Szal\u00e9zi Rendh\u00e1zzal, \u00e9s a magyar szal\u00e9ziak k\u00f6zpontj\u00e1val, a Szal\u00e9zi Tartom\u00e1nyf\u0151n\u00f6ks\u00e9ggel. A szerzetesek bej\u00e1rata megegyezik a koll\u00e9gium\u00e9val. A rendh\u00e1zhoz form\u00e1ci\u00f3s jelleg\u00e9n t\u00fal akt\u00edv lelkip\u00e1sztori-nevel\u00e9si tev\u00e9kenys\u00e9g kapcsol\u00f3dik. A hittanok, git\u00e1ros csoportok, ifj\u00fas\u00e1gi mis\u00e9k, biblia\u00f3r\u00e1k, sportprogramok minden koll\u00e9gista el\u0151tt nyitottak.\u201d<\/p>\n\n\n\n<figure class=\"wp-block-gallery has-nested-images columns-default is-cropped wp-block-gallery-4 is-layout-flex wp-block-gallery-is-layout-flex\">\n<figure class=\"wp-block-image size-large\"><img loading=\"lazy\" decoding=\"async\" width=\"685\" height=\"1024\" data-id=\"183\" src=\"http:\/\/salesianum.hu\/wp-content\/uploads\/2020\/08\/DSC_0121-685x1024.jpg\" alt=\"\" class=\"wp-image-183\" srcset=\"https:\/\/salesianum.hu\/wp-content\/uploads\/2020\/08\/DSC_0121-685x1024.jpg 685w, https:\/\/salesianum.hu\/wp-content\/uploads\/2020\/08\/DSC_0121-201x300.jpg 201w, https:\/\/salesianum.hu\/wp-content\/uploads\/2020\/08\/DSC_0121-768x1147.jpg 768w, https:\/\/salesianum.hu\/wp-content\/uploads\/2020\/08\/DSC_0121-1028x1536.jpg 1028w, https:\/\/salesianum.hu\/wp-content\/uploads\/2020\/08\/DSC_0121-1371x2048.jpg 1371w, https:\/\/salesianum.hu\/wp-content\/uploads\/2020\/08\/DSC_0121-scaled.jpg 1714w\" sizes=\"auto, (max-width: 685px) 100vw, 685px\" \/><\/figure>\n\n\n\n<figure class=\"wp-block-image size-large\"><img loading=\"lazy\" decoding=\"async\" width=\"435\" height=\"1024\" data-id=\"181\" src=\"http:\/\/salesianum.hu\/wp-content\/uploads\/2020\/08\/DSC_0114-435x1024.jpg\" alt=\"\" class=\"wp-image-181\" srcset=\"https:\/\/salesianum.hu\/wp-content\/uploads\/2020\/08\/DSC_0114-435x1024.jpg 435w, https:\/\/salesianum.hu\/wp-content\/uploads\/2020\/08\/DSC_0114-127x300.jpg 127w, https:\/\/salesianum.hu\/wp-content\/uploads\/2020\/08\/DSC_0114-768x1808.jpg 768w, https:\/\/salesianum.hu\/wp-content\/uploads\/2020\/08\/DSC_0114-653x1536.jpg 653w, https:\/\/salesianum.hu\/wp-content\/uploads\/2020\/08\/DSC_0114-870x2048.jpg 870w, https:\/\/salesianum.hu\/wp-content\/uploads\/2020\/08\/DSC_0114-scaled.jpg 1088w\" sizes=\"auto, (max-width: 435px) 100vw, 435px\" \/><\/figure>\n<\/figure>\n\n\n\n<p><\/p>\n","protected":false},"excerpt":{"rendered":"<p>&#8222;Salesianum&#8221; Don Bosco Kereszt\u00e9ny Pedag\u00f3giai Szakkoll\u00e9gium A Salesianum Koll\u00e9gium a 2003\/2004-es tan\u00e9vben nyitotta meg kapuit a fi\u00fa egyetemista hallgat\u00f3k el\u0151tt. A tartom\u00e1nyf\u0151n\u00f6ks\u00e9g akkor \u00e9p\u00fclt \u00e9p\u00fclet\u00e9ben, az utcai fronton kapott helyet \u00e9s 36 f\u0151 befogad\u00e1s\u00e1ra volta alkalmas, mely k\u00e9s\u0151bb 38-ra v\u00e1ltozott. Egyetemi fi\u00fakoll\u00e9giumunk c\u00e9lja a fiatalok emberi \u00e9s kereszt\u00e9ny dimenzi\u00f3ban val\u00f3 form\u00e1l\u00e1sa \u00e9s n\u00f6veked\u00e9se, valamint az [&hellip;]<\/p>\n","protected":false},"author":1,"featured_media":147,"parent":0,"menu_order":0,"comment_status":"closed","ping_status":"closed","template":"","meta":{"_genesis_hide_title":false,"_genesis_hide_breadcrumbs":false,"_genesis_hide_singular_image":false,"_genesis_hide_footer_widgets":false,"_genesis_custom_body_class":"","_genesis_custom_post_class":"","_genesis_layout":"","footnotes":""},"class_list":{"0":"post-53","1":"page","2":"type-page","3":"status-publish","4":"has-post-thumbnail","6":"entry"},"featured_image_src":"https:\/\/salesianum.hu\/wp-content\/uploads\/2020\/08\/138741001-600x400.jpg","featured_image_src_square":"https:\/\/salesianum.hu\/wp-content\/uploads\/2020\/08\/138741001-600x600.jpg","_links":{"self":[{"href":"https:\/\/salesianum.hu\/index.php?rest_route=\/wp\/v2\/pages\/53","targetHints":{"allow":["GET"]}}],"collection":[{"href":"https:\/\/salesianum.hu\/index.php?rest_route=\/wp\/v2\/pages"}],"about":[{"href":"https:\/\/salesianum.hu\/index.php?rest_route=\/wp\/v2\/types\/page"}],"author":[{"embeddable":true,"href":"https:\/\/salesianum.hu\/index.php?rest_route=\/wp\/v2\/users\/1"}],"replies":[{"embeddable":true,"href":"https:\/\/salesianum.hu\/index.php?rest_route=%2Fwp%2Fv2%2Fcomments&post=53"}],"version-history":[{"count":13,"href":"https:\/\/salesianum.hu\/index.php?rest_route=\/wp\/v2\/pages\/53\/revisions"}],"predecessor-version":[{"id":293,"href":"https:\/\/salesianum.hu\/index.php?rest_route=\/wp\/v2\/pages\/53\/revisions\/293"}],"wp:featuredmedia":[{"embeddable":true,"href":"https:\/\/salesianum.hu\/index.php?rest_route=\/wp\/v2\/media\/147"}],"wp:attachment":[{"href":"https:\/\/salesianum.hu\/index.php?rest_route=%2Fwp%2Fv2%2Fmedia&parent=53"}],"curies":[{"name":"wp","href":"https:\/\/api.w.org\/{rel}","templated":true}]}}