{"id":61,"date":"2020-06-19T08:45:49","date_gmt":"2020-06-19T07:45:49","guid":{"rendered":"http:\/\/salesianum.hu\/?page_id=61"},"modified":"2020-08-09T10:57:36","modified_gmt":"2020-08-09T09:57:36","slug":"don-bosco","status":"publish","type":"page","link":"https:\/\/salesianum.hu\/?page_id=61","title":{"rendered":"Don Bosco"},"content":{"rendered":"\n<h4 class=\"wp-block-heading\" id=\"redH4\">Bosco Szent J\u00e1nos &#8211; a fiatals\u00e1g atyja \u00e9s mestere &#8211; koll\u00e9giumunk v\u00e9d\u0151szentje<\/h4>\n\n\n\n<div class=\"wp-block-image\"><figure class=\"alignleft size-large is-resized\"><img loading=\"lazy\" decoding=\"async\" src=\"http:\/\/salesianum.hu\/wp-content\/uploads\/2020\/07\/don_bosco1.jpg\" alt=\"\" class=\"wp-image-79\" width=\"205\" height=\"289\"\/><figcaption>Bosco Szent J\u00e1nos<\/figcaption><\/figure><\/div>\n\n\n\n<p><a href=\"http:\/\/szaleziak.hu\/_static\/images\/don_bosco.jpg\"><\/a>Bosco J\u00e1nos 1815. augusztus 16-\u00e1n sz\u00fcletett egy parasztcsal\u00e1dban, Castelnuovo d&#8217;Astiban. \u00c9desapja, Bosco Ferenc a gyermek k\u00e9t \u00e9ves kor\u00e1ban meghal, \u00edgy \u00e9desanyj\u00e1nak, Occhiena Margitnak egyed\u00fcl kell felnevelnie Antalt, J\u00f3zsefet, \u00e9s a kis J\u00e1nost. Margit b\u00f6lcs nevel\u0151, kitart\u00e1s\u00e1nak \u00e9s hat\u00e1rokat nem ismer\u0151 hit\u00e9nek seg\u00edts\u00e9g\u00e9vel m\u00e9lyen vall\u00e1sos l\u00e9gk\u00f6rt alak\u00edt ki csal\u00e1djukban. J\u00e1nos m\u00e1r kicsi kor\u00e1t\u00f3l kezdve pap szeretett volna lenni.<br><br>Elmes\u00e9lte, hogy egyszer kilenc \u00e9ves kor\u00e1ban \u00e1lmot l\u00e1tott, amely megvil\u00e1g\u00edtotta sz\u00e1m\u00e1ra k\u00fcldet\u00e9s\u00e9t: \u201eLegy\u00e9l al\u00e1zatos, er\u0151s \u00e9s \u00e1llhatatos&#8221; &#8211; mondta neki egy asszony, aki ragyogott, mint a nap,&nbsp;<em>\u201e\u00e9s akkor, amit majd l\u00e1tsz, hogy ezekkel a farkasokkal t\u00f6rt\u00e9nik, akik b\u00e1r\u00e1nyokk\u00e1 v\u00e1ltoznak, te is ezt fogod tenni gyermekeimmel. \u00c9n leszek a tan\u00edt\u00f3mestered. A maga idej\u00e9ben mindent meg fogsz \u00e9rteni.&#8221;<\/em>&nbsp;J\u00e1nos m\u00e1r gyermekkor\u00e1t\u00f3l kezdve gyakran k\u00f6t\u00f6tte le t\u00e1rsait b\u0171v\u00e9szmutatv\u00e1nyokkal, amelyeket kem\u00e9ny gyakorl\u00e1ssal saj\u00e1t\u00edtott el a munka \u00e9s az im\u00e1dkoz\u00e1s k\u00f6z\u00f6tt.<\/p>\n\n\n\n<figure class=\"wp-block-embed-youtube wp-block-embed is-type-video is-provider-youtube wp-embed-aspect-4-3 wp-has-aspect-ratio\"><div class=\"wp-block-embed__wrapper\">\n<iframe loading=\"lazy\" title=\"Don Bosco 9 eveskori alma\" width=\"500\" height=\"375\" src=\"https:\/\/www.youtube.com\/embed\/m_Eyg_fJ1CM?feature=oembed\" frameborder=\"0\" allow=\"accelerometer; autoplay; clipboard-write; encrypted-media; gyroscope; picture-in-picture; web-share\" referrerpolicy=\"strict-origin-when-cross-origin\" allowfullscreen><\/iframe>\n<\/div><\/figure>\n\n\n\n<p>Az id\u0151s Calosso atya volt els\u0151 lelkivezet\u0151je, \u0151 ind\u00edtotta el a papi tanulm\u00e1nyok \u00fatj\u00e1n, amelyek\u00e9rt nagy er\u0151fesz\u00edt\u00e9seket tett, m\u00edg v\u00e9g\u00fcl is el kellett hagynia a csal\u00e1di h\u00e1zatmert szembe ker\u00fclt Antal testv\u00e9r\u00e9vel. Antal azt akarta, hogy J\u00e1nos ink\u00e1bb a f\u00f6ldeken dolgozzon. Di\u00e1kk\u00e9nt Chieriben l\u00e9trehozta a&nbsp;<em>\u201eVid\u00e1ms\u00e1g T\u00e1rsas\u00e1g\u00e1t&#8221;<\/em>, amelybe \u00f6sszegy\u0171jt\u00f6tte a v\u00e1roska fiataljait. K\u00e9s\u0151bb itt j\u00e1rt szemin\u00e1riumba is, \u00e9s 1841 j\u00fanius\u00e1ban papp\u00e1 szentelt\u00e9k. Akkori lelki vezet\u0151je, Cafasso atya azt tan\u00e1csolja neki, hogy t\u00f6k\u00e9letes\u00edtse tanulm\u00e1nyait az egyh\u00e1zi koll\u00e9giumban. K\u00f6zben Don Bosco maga k\u00f6r\u00e9 gy\u0171jti az els\u0151 gyermekeket, \u00e9s megszervezi a vas\u00e1rnapi Orat\u00f3riumot, az els\u0151 id\u0151kben mindig m\u00e1shol, k\u00e9s\u0151bb azonban megmaradnak Valdocc\u00f3ban. <\/p>\n\n\n\n<figure class=\"wp-block-image size-large\"><img loading=\"lazy\" decoding=\"async\" width=\"800\" height=\"370\" src=\"http:\/\/salesianum.hu\/wp-content\/uploads\/2020\/07\/szaleziak_20161125c1.jpg\" alt=\"\" class=\"wp-image-120\" srcset=\"https:\/\/salesianum.hu\/wp-content\/uploads\/2020\/07\/szaleziak_20161125c1.jpg 800w, https:\/\/salesianum.hu\/wp-content\/uploads\/2020\/07\/szaleziak_20161125c1-300x139.jpg 300w, https:\/\/salesianum.hu\/wp-content\/uploads\/2020\/07\/szaleziak_20161125c1-768x355.jpg 768w\" sizes=\"auto, (max-width: 800px) 100vw, 800px\" \/><\/figure>\n\n\n\n<p>\u00c9desanyja, Margit, most m\u00e1r id\u0151s asszonyk\u00e9nt, elfogadja a megh\u00edv\u00e1st, hogy Torin\u00f3ba j\u00f6jj\u00f6n \u00e9s seg\u00edtsen fi\u00e1nak. A gyermekek sz\u00e1m\u00e1ra \u0151 lesz&nbsp;<em>\u201eMargit mama&#8221;<\/em>. Don Bosco elkezd sz\u00e1ll\u00e1st adni az otthontalan \u00e1rv\u00e1knak. Megtan\u00edtja \u0151ket egy szakm\u00e1ra, \u00e9s arra, hogy szeress\u00e9k az Urat, egy\u00fctt \u00e9nekel, j\u00e1tszik \u00e9s im\u00e1dkozik vel\u00fck. Az els\u0151 gyermekekb\u0151l lesznek k\u00e9s\u0151bb az els\u0151 munkat\u00e1rsai is. \u00edgy fejl\u0151dik ki az a h\u00edres nevel\u00e9si m\u00f3dszer, amit&nbsp;<em><strong>\u201emegel\u0151z\u0151 m\u00f3dszernek&#8221;<\/strong><\/em>&nbsp;h\u00edvunk:&nbsp;<em>\u201eLegyetek a gyermekekkel, el\u0151zz\u00e9tek meg a b\u0171nt \u00e9sszel, hittel \u00e9s szeretettel. Legyetek szentek, \u00e9s szentek nevel\u0151i. Vegy\u00e9k \u00e9szre a gyermekeink, hogy szeretj\u00fck \u0151ket!&#8221;<\/em>&nbsp;Id\u0151vel az els\u0151 munkat\u00e1rsakb\u00f3l XI. Piusz p\u00e1pa seg\u00edts\u00e9g\u00e9nek k\u00f6sz\u00f6nhet\u0151en l\u00e9trej\u00f6n egy szerzetes t\u00e1rsas\u00e1g, melynek c\u00e9lja a fiatalok megment\u00e9se, k\u00fczdve a szeg\u00e9nys\u00e9g minden fajt\u00e1ja ellen. Mott\u00f3juk a k\u00f6vetkez\u0151:&nbsp;<em>\u201eLelkeket adj nekem (Uram), minden m\u00e1st vegy\u00e9l el&#8221;<\/em>. A fiatal Savio Domonkos lesz a megel\u0151z\u0151 m\u00f3dszer els\u0151 gy\u00fcm\u00f6lcse.<\/p>\n\n\n\n<figure class=\"wp-block-image size-large\"><img loading=\"lazy\" decoding=\"async\" width=\"1024\" height=\"453\" src=\"http:\/\/salesianum.hu\/wp-content\/uploads\/2020\/07\/FMA-don-bosco-maria-ausiliatrice-1030x4561-1-1024x453.jpg\" alt=\"\" class=\"wp-image-82\" srcset=\"https:\/\/salesianum.hu\/wp-content\/uploads\/2020\/07\/FMA-don-bosco-maria-ausiliatrice-1030x4561-1-1024x453.jpg 1024w, https:\/\/salesianum.hu\/wp-content\/uploads\/2020\/07\/FMA-don-bosco-maria-ausiliatrice-1030x4561-1-300x133.jpg 300w, https:\/\/salesianum.hu\/wp-content\/uploads\/2020\/07\/FMA-don-bosco-maria-ausiliatrice-1030x4561-1-768x340.jpg 768w, https:\/\/salesianum.hu\/wp-content\/uploads\/2020\/07\/FMA-don-bosco-maria-ausiliatrice-1030x4561-1.jpg 1030w\" sizes=\"auto, (max-width: 1024px) 100vw, 1024px\" \/><\/figure>\n\n\n\n<p>A Seg\u00edt\u0151 Sz\u0171z M\u00e1ria, aki mindig seg\u00edtette Don Bosc\u00f3t a m\u0171v\u00e9ben, sz\u00e1mtalan kegyelmet aj\u00e1nd\u00e9kozott neki, k\u00f6zt\u00fck eg\u00e9szen k\u00fcl\u00f6nlegeseket is, \u00e9s mindig volt elegend\u0151 p\u00e9nz is a v\u00e1llalkoz\u00e1sokhoz. Seg\u00edtette a r\u00f3la elnevezett bazilika meg\u00e9p\u00edt\u00e9s\u00e9t is. Sz\u0171z M\u00e1ria seg\u00edts\u00e9g\u00e9vel Mazzarello M\u00e1ri\u00e1val megalap\u00edtotta a Seg\u00edt\u0151 Sz\u0171z M\u00e1ria Le\u00e1nyai Int\u00e9zm\u00e9ny\u00e9t. A j\u00f3tev\u0151kkel \u00e9s laikus seg\u00edt\u0151kkel egy\u00fctt l\u00e9trej\u00f6n a Szal\u00e9zi Munkat\u00e1rsak Egyes\u00fclete.<\/p>\n\n\n\n<p>Don Bosco 72 \u00e9ves kor\u00e1ban, a munk\u00e1t\u00f3l kimer\u00fclve halt meg 1888. janu\u00e1r 31 -\u00e9n. Ma m\u00e1r a Szal\u00e9zi Csal\u00e1d az eg\u00e9sz vil\u00e1gon jelen van. II. J\u00e1nos P\u00e1l p\u00e1pa Don Bosc\u00f3t hal\u00e1l\u00e1nak sz\u00e1zadik \u00e9vfordul\u00f3j\u00e1n a&nbsp;<em>\u201efiatals\u00e1g Atyj\u00e1nak \u00e9s Tan\u00edt\u00f3j\u00e1nak&#8221;<\/em>&nbsp;nevezte.<\/p>\n\n\n\n<p><strong>BOLDOGG\u00c1 AVATJA 1929. J\u00daNIUS 2-\u00c1N XI. PIUSZ P\u00c1PA<br>SZENTT\u00c9 AVATJA 1934. \u00c1PRILIS 1-J\u00c9N XI. PIUSZ P\u00c1PA<\/strong><br><br>(Enrico dal Covolo-Giorgio Mocci: Szentek a szal\u00e9zi csal\u00e1dban)<\/p>\n","protected":false},"excerpt":{"rendered":"<p>Bosco Szent J\u00e1nos &#8211; a fiatals\u00e1g atyja \u00e9s mestere &#8211; koll\u00e9giumunk v\u00e9d\u0151szentje Bosco J\u00e1nos 1815. augusztus 16-\u00e1n sz\u00fcletett egy parasztcsal\u00e1dban, Castelnuovo d&#8217;Astiban. \u00c9desapja, Bosco Ferenc a gyermek k\u00e9t \u00e9ves kor\u00e1ban meghal, \u00edgy \u00e9desanyj\u00e1nak, Occhiena Margitnak egyed\u00fcl kell felnevelnie Antalt, J\u00f3zsefet, \u00e9s a kis J\u00e1nost. Margit b\u00f6lcs nevel\u0151, kitart\u00e1s\u00e1nak \u00e9s hat\u00e1rokat nem ismer\u0151 hit\u00e9nek seg\u00edts\u00e9g\u00e9vel m\u00e9lyen [&hellip;]<\/p>\n","protected":false},"author":1,"featured_media":165,"parent":0,"menu_order":0,"comment_status":"closed","ping_status":"closed","template":"","meta":{"_genesis_hide_title":false,"_genesis_hide_breadcrumbs":false,"_genesis_hide_singular_image":false,"_genesis_hide_footer_widgets":false,"_genesis_custom_body_class":"","_genesis_custom_post_class":"","_genesis_layout":"","footnotes":""},"class_list":{"0":"post-61","1":"page","2":"type-page","3":"status-publish","4":"has-post-thumbnail","6":"entry"},"featured_image_src":"https:\/\/salesianum.hu\/wp-content\/uploads\/2020\/08\/DSC_0117-1-600x400.jpg","featured_image_src_square":"https:\/\/salesianum.hu\/wp-content\/uploads\/2020\/08\/DSC_0117-1-600x600.jpg","_links":{"self":[{"href":"https:\/\/salesianum.hu\/index.php?rest_route=\/wp\/v2\/pages\/61","targetHints":{"allow":["GET"]}}],"collection":[{"href":"https:\/\/salesianum.hu\/index.php?rest_route=\/wp\/v2\/pages"}],"about":[{"href":"https:\/\/salesianum.hu\/index.php?rest_route=\/wp\/v2\/types\/page"}],"author":[{"embeddable":true,"href":"https:\/\/salesianum.hu\/index.php?rest_route=\/wp\/v2\/users\/1"}],"replies":[{"embeddable":true,"href":"https:\/\/salesianum.hu\/index.php?rest_route=%2Fwp%2Fv2%2Fcomments&post=61"}],"version-history":[{"count":10,"href":"https:\/\/salesianum.hu\/index.php?rest_route=\/wp\/v2\/pages\/61\/revisions"}],"predecessor-version":[{"id":164,"href":"https:\/\/salesianum.hu\/index.php?rest_route=\/wp\/v2\/pages\/61\/revisions\/164"}],"wp:featuredmedia":[{"embeddable":true,"href":"https:\/\/salesianum.hu\/index.php?rest_route=\/wp\/v2\/media\/165"}],"wp:attachment":[{"href":"https:\/\/salesianum.hu\/index.php?rest_route=%2Fwp%2Fv2%2Fmedia&parent=61"}],"curies":[{"name":"wp","href":"https:\/\/api.w.org\/{rel}","templated":true}]}}